{"id":113,"date":"2025-10-10T14:46:46","date_gmt":"2025-10-10T14:46:46","guid":{"rendered":"https:\/\/www.ficovelez.com\/?page_id=113"},"modified":"2025-10-11T15:25:55","modified_gmt":"2025-10-11T15:25:55","slug":"media","status":"publish","type":"page","link":"https:\/\/www.ficovelez.com\/index.php\/media\/","title":{"rendered":"MEDIA"},"content":{"rendered":"\n<p>Conoce m\u00e1s sobre Federico V\u00e9lez<\/p>\n\n\n\n<p><strong>Lee los art\u00edculos de opini\u00f3n sobre los escritos de Fico V\u00e9lez<\/strong><\/p>\n\n\n\n<p>Diario el Espectador: <a href=\"https:\/\/blogs.elespectador.com\/actualidad\/catrecillo\/corazon-purpura-una-novela-de-federico-velez\/\" data-type=\"link\" data-id=\"https:\/\/blogs.elespectador.com\/actualidad\/catrecillo\/corazon-purpura-una-novela-de-federico-velez\/\" target=\"_blank\" rel=\"noreferrer noopener\">Coraz\u00f3n p\u00farpura, una novela de Federico V\u00e9lez<\/a><\/p>\n\n\n\n<p>Diario el Tiempo: <a href=\"https:\/\/www.eltiempo.com\/archivo\/documento\/cms-15971338\" target=\"_blank\" rel=\"noreferrer noopener\">Libros de premiados en concursos de la Casa Silva<\/a><\/p>\n\n\n\n<p>Blog de Elsy Rojas, por Yadira F.: <a href=\"https:\/\/involucionsite.wordpress.com\/2024\/07\/25\/resena-de-un-lugar-tranquilo\/\" target=\"_blank\" rel=\"noreferrer noopener\">Rese\u00f1a de Un lugar\u00a0tranquilo<\/a><\/p>\n\n\n\n<p>Articulo de opini\u00f3n de Jos\u00e9 Obdulio en X: <a href=\"https:\/\/x.com\/joseobdulio\/status\/1966876239974543718\" target=\"_blank\" rel=\"noreferrer noopener\">FEDERICO V\u00c9LEZ: ANTIOQUIA TIENE UN GRAN ESCRITOR<\/a><\/p>\n\n\n\n<p>Noticiero digital Mi Oriente: <a href=\"https:\/\/mioriente.com\/columnistas\/los-lugares-tranquilos-tienen-una-doble-vida-federico-velez.html\" target=\"_blank\" rel=\"noreferrer noopener\">Los lugares tranquilos tienen una doble vida<\/a><\/p>\n\n\n\n<p>Blog de Elsy Rojas, por Elsy Rojas.: <a href=\"https:\/\/involucionsite.wordpress.com\/2024\/02\/28\/la-obra-de-federico-velez\/\" target=\"_blank\" rel=\"noreferrer noopener\">La obra de Federico\u00a0V\u00e9lez<\/a><\/p>\n\n\n\n<p>MOOVIL, Bikeart Gallery: <a href=\"https:\/\/www.instagram.com\/reel\/DPptaZvDHNI\/\" data-type=\"link\" data-id=\"https:\/\/www.instagram.com\/reel\/DPptaZvDHNI\/\" target=\"_blank\" rel=\"noreferrer noopener\">&#8220;Bicicletas: Cl\u00e1sicas y Antiguas&#8221;<\/a><\/p>\n\n\n\n<figure class=\"wp-block-gallery has-nested-images columns-default is-cropped wp-block-gallery-1 is-layout-flex wp-block-gallery-is-layout-flex\">\n<figure class=\"wp-block-image size-large\"><img loading=\"lazy\" decoding=\"async\" width=\"768\" height=\"1024\" data-id=\"59\" src=\"https:\/\/www.ficovelez.com\/wp-content\/uploads\/2025\/10\/Sin-titulo-4-768x1024.png\" alt=\"\" class=\"wp-image-59\" srcset=\"https:\/\/www.ficovelez.com\/wp-content\/uploads\/2025\/10\/Sin-titulo-4-768x1024.png 768w, https:\/\/www.ficovelez.com\/wp-content\/uploads\/2025\/10\/Sin-titulo-4-225x300.png 225w, https:\/\/www.ficovelez.com\/wp-content\/uploads\/2025\/10\/Sin-titulo-4-1152x1536.png 1152w, https:\/\/www.ficovelez.com\/wp-content\/uploads\/2025\/10\/Sin-titulo-4-1536x2048.png 1536w, https:\/\/www.ficovelez.com\/wp-content\/uploads\/2025\/10\/Sin-titulo-4-666x888.png 666w, https:\/\/www.ficovelez.com\/wp-content\/uploads\/2025\/10\/Sin-titulo-4.png 1816w\" sizes=\"auto, (max-width: 768px) 100vw, 768px\" \/><\/figure>\n\n\n\n<figure class=\"wp-block-image size-large\"><img loading=\"lazy\" decoding=\"async\" width=\"768\" height=\"1024\" data-id=\"58\" src=\"https:\/\/www.ficovelez.com\/wp-content\/uploads\/2025\/10\/Sin-titulo-5-768x1024.png\" alt=\"\" class=\"wp-image-58\" srcset=\"https:\/\/www.ficovelez.com\/wp-content\/uploads\/2025\/10\/Sin-titulo-5-768x1024.png 768w, https:\/\/www.ficovelez.com\/wp-content\/uploads\/2025\/10\/Sin-titulo-5-225x300.png 225w, https:\/\/www.ficovelez.com\/wp-content\/uploads\/2025\/10\/Sin-titulo-5-1152x1536.png 1152w, https:\/\/www.ficovelez.com\/wp-content\/uploads\/2025\/10\/Sin-titulo-5.png 1816w\" sizes=\"auto, (max-width: 768px) 100vw, 768px\" \/><\/figure>\n\n\n\n<figure class=\"wp-block-image size-large\"><img loading=\"lazy\" decoding=\"async\" width=\"768\" height=\"1024\" data-id=\"57\" src=\"https:\/\/www.ficovelez.com\/wp-content\/uploads\/2025\/10\/Sin-titulo-6-768x1024.png\" alt=\"\" class=\"wp-image-57\" srcset=\"https:\/\/www.ficovelez.com\/wp-content\/uploads\/2025\/10\/Sin-titulo-6-768x1024.png 768w, https:\/\/www.ficovelez.com\/wp-content\/uploads\/2025\/10\/Sin-titulo-6-225x300.png 225w, https:\/\/www.ficovelez.com\/wp-content\/uploads\/2025\/10\/Sin-titulo-6-1152x1536.png 1152w, https:\/\/www.ficovelez.com\/wp-content\/uploads\/2025\/10\/Sin-titulo-6.png 1816w\" sizes=\"auto, (max-width: 768px) 100vw, 768px\" \/><\/figure>\n\n\n\n<figure class=\"wp-block-image size-large\"><img loading=\"lazy\" decoding=\"async\" width=\"731\" height=\"731\" data-id=\"82\" src=\"https:\/\/www.ficovelez.com\/wp-content\/uploads\/2025\/10\/Emilio-Revisemos-ese-cuento-por-ultima-vez-antes-de-enviarlo-a-la-imprenta.jpg\" alt=\"\" class=\"wp-image-82\" srcset=\"https:\/\/www.ficovelez.com\/wp-content\/uploads\/2025\/10\/Emilio-Revisemos-ese-cuento-por-ultima-vez-antes-de-enviarlo-a-la-imprenta.jpg 731w, https:\/\/www.ficovelez.com\/wp-content\/uploads\/2025\/10\/Emilio-Revisemos-ese-cuento-por-ultima-vez-antes-de-enviarlo-a-la-imprenta-300x300.jpg 300w, https:\/\/www.ficovelez.com\/wp-content\/uploads\/2025\/10\/Emilio-Revisemos-ese-cuento-por-ultima-vez-antes-de-enviarlo-a-la-imprenta-150x150.jpg 150w, https:\/\/www.ficovelez.com\/wp-content\/uploads\/2025\/10\/Emilio-Revisemos-ese-cuento-por-ultima-vez-antes-de-enviarlo-a-la-imprenta-666x666.jpg 666w, https:\/\/www.ficovelez.com\/wp-content\/uploads\/2025\/10\/Emilio-Revisemos-ese-cuento-por-ultima-vez-antes-de-enviarlo-a-la-imprenta-96x96.jpg 96w\" sizes=\"auto, (max-width: 731px) 100vw, 731px\" \/><\/figure>\n\n\n\n<figure class=\"wp-block-image size-large\"><img loading=\"lazy\" decoding=\"async\" width=\"769\" height=\"1024\" data-id=\"83\" src=\"https:\/\/www.ficovelez.com\/wp-content\/uploads\/2025\/10\/Gregorio-SamsaCafe-Louvre-Naridni-22-Praga-769x1024.jpg\" alt=\"\" class=\"wp-image-83\" srcset=\"https:\/\/www.ficovelez.com\/wp-content\/uploads\/2025\/10\/Gregorio-SamsaCafe-Louvre-Naridni-22-Praga-769x1024.jpg 769w, https:\/\/www.ficovelez.com\/wp-content\/uploads\/2025\/10\/Gregorio-SamsaCafe-Louvre-Naridni-22-Praga-225x300.jpg 225w, https:\/\/www.ficovelez.com\/wp-content\/uploads\/2025\/10\/Gregorio-SamsaCafe-Louvre-Naridni-22-Praga-768x1022.jpg 768w, https:\/\/www.ficovelez.com\/wp-content\/uploads\/2025\/10\/Gregorio-SamsaCafe-Louvre-Naridni-22-Praga-666x888.jpg 666w, https:\/\/www.ficovelez.com\/wp-content\/uploads\/2025\/10\/Gregorio-SamsaCafe-Louvre-Naridni-22-Praga.jpg 960w\" sizes=\"auto, (max-width: 769px) 100vw, 769px\" \/><\/figure>\n\n\n\n<figure class=\"wp-block-image size-large\"><img loading=\"lazy\" decoding=\"async\" width=\"819\" height=\"1024\" data-id=\"84\" src=\"https:\/\/www.ficovelez.com\/wp-content\/uploads\/2025\/10\/Minha-fazenda-\ud83d\udcf8.-@adrianodoria-1-819x1024.jpg\" alt=\"\" class=\"wp-image-84\" srcset=\"https:\/\/www.ficovelez.com\/wp-content\/uploads\/2025\/10\/Minha-fazenda-\ud83d\udcf8.-@adrianodoria-1-819x1024.jpg 819w, https:\/\/www.ficovelez.com\/wp-content\/uploads\/2025\/10\/Minha-fazenda-\ud83d\udcf8.-@adrianodoria-1-240x300.jpg 240w, https:\/\/www.ficovelez.com\/wp-content\/uploads\/2025\/10\/Minha-fazenda-\ud83d\udcf8.-@adrianodoria-1-768x960.jpg 768w, https:\/\/www.ficovelez.com\/wp-content\/uploads\/2025\/10\/Minha-fazenda-\ud83d\udcf8.-@adrianodoria-1.jpg 1080w\" sizes=\"auto, (max-width: 819px) 100vw, 819px\" \/><\/figure>\n<\/figure>\n\n\n\n<figure class=\"wp-block-audio\"><audio controls src=\"https:\/\/www.ficovelez.com\/wp-content\/uploads\/2025\/10\/202006011006179858.mp3\"><\/audio><\/figure>\n\n\n\n<figure class=\"wp-block-gallery has-nested-images columns-default is-cropped wp-block-gallery-2 is-layout-flex wp-block-gallery-is-layout-flex\">\n<figure class=\"wp-block-image size-large\"><img loading=\"lazy\" decoding=\"async\" width=\"1024\" height=\"683\" data-id=\"85\" src=\"https:\/\/www.ficovelez.com\/wp-content\/uploads\/2025\/10\/FILBO-2025-Editorial-EIANovela-Corazon-Purpura-\ud83d\udcf7-@alejomartinezphoto-1024x683.jpg\" alt=\"\" class=\"wp-image-85\" srcset=\"https:\/\/www.ficovelez.com\/wp-content\/uploads\/2025\/10\/FILBO-2025-Editorial-EIANovela-Corazon-Purpura-\ud83d\udcf7-@alejomartinezphoto-1024x683.jpg 1024w, https:\/\/www.ficovelez.com\/wp-content\/uploads\/2025\/10\/FILBO-2025-Editorial-EIANovela-Corazon-Purpura-\ud83d\udcf7-@alejomartinezphoto-300x200.jpg 300w, https:\/\/www.ficovelez.com\/wp-content\/uploads\/2025\/10\/FILBO-2025-Editorial-EIANovela-Corazon-Purpura-\ud83d\udcf7-@alejomartinezphoto-768x512.jpg 768w, https:\/\/www.ficovelez.com\/wp-content\/uploads\/2025\/10\/FILBO-2025-Editorial-EIANovela-Corazon-Purpura-\ud83d\udcf7-@alejomartinezphoto-920x613.jpg 920w, https:\/\/www.ficovelez.com\/wp-content\/uploads\/2025\/10\/FILBO-2025-Editorial-EIANovela-Corazon-Purpura-\ud83d\udcf7-@alejomartinezphoto-666x444.jpg 666w, https:\/\/www.ficovelez.com\/wp-content\/uploads\/2025\/10\/FILBO-2025-Editorial-EIANovela-Corazon-Purpura-\ud83d\udcf7-@alejomartinezphoto.jpg 1080w\" sizes=\"auto, (max-width: 1024px) 100vw, 1024px\" \/><\/figure>\n\n\n\n<figure class=\"wp-block-image size-large\"><img loading=\"lazy\" decoding=\"async\" width=\"1024\" height=\"1024\" data-id=\"88\" src=\"https:\/\/www.ficovelez.com\/wp-content\/uploads\/2025\/10\/Diseno-sin-titulo-39-1024x1024.jpg\" alt=\"\" class=\"wp-image-88\" srcset=\"https:\/\/www.ficovelez.com\/wp-content\/uploads\/2025\/10\/Diseno-sin-titulo-39-1024x1024.jpg 1024w, https:\/\/www.ficovelez.com\/wp-content\/uploads\/2025\/10\/Diseno-sin-titulo-39-300x300.jpg 300w, https:\/\/www.ficovelez.com\/wp-content\/uploads\/2025\/10\/Diseno-sin-titulo-39-150x150.jpg 150w, https:\/\/www.ficovelez.com\/wp-content\/uploads\/2025\/10\/Diseno-sin-titulo-39-768x768.jpg 768w, https:\/\/www.ficovelez.com\/wp-content\/uploads\/2025\/10\/Diseno-sin-titulo-39-666x666.jpg 666w, https:\/\/www.ficovelez.com\/wp-content\/uploads\/2025\/10\/Diseno-sin-titulo-39-96x96.jpg 96w, https:\/\/www.ficovelez.com\/wp-content\/uploads\/2025\/10\/Diseno-sin-titulo-39.jpg 1200w\" sizes=\"auto, (max-width: 1024px) 100vw, 1024px\" \/><\/figure>\n\n\n\n<figure class=\"wp-block-image size-large\"><img loading=\"lazy\" decoding=\"async\" width=\"1024\" height=\"956\" data-id=\"87\" src=\"https:\/\/www.ficovelez.com\/wp-content\/uploads\/2025\/10\/El-viejo-Fritz-El-secreto-mejor-guardado-para-la-buena-suerte-En-tu-libreria-de-confianza-Edit-1-1024x956.jpg\" alt=\"\" class=\"wp-image-87\" srcset=\"https:\/\/www.ficovelez.com\/wp-content\/uploads\/2025\/10\/El-viejo-Fritz-El-secreto-mejor-guardado-para-la-buena-suerte-En-tu-libreria-de-confianza-Edit-1-1024x956.jpg 1024w, https:\/\/www.ficovelez.com\/wp-content\/uploads\/2025\/10\/El-viejo-Fritz-El-secreto-mejor-guardado-para-la-buena-suerte-En-tu-libreria-de-confianza-Edit-1-300x280.jpg 300w, https:\/\/www.ficovelez.com\/wp-content\/uploads\/2025\/10\/El-viejo-Fritz-El-secreto-mejor-guardado-para-la-buena-suerte-En-tu-libreria-de-confianza-Edit-1-768x717.jpg 768w, https:\/\/www.ficovelez.com\/wp-content\/uploads\/2025\/10\/El-viejo-Fritz-El-secreto-mejor-guardado-para-la-buena-suerte-En-tu-libreria-de-confianza-Edit-1.jpg 1080w\" sizes=\"auto, (max-width: 1024px) 100vw, 1024px\" \/><\/figure>\n\n\n\n<figure class=\"wp-block-image size-large\"><img loading=\"lazy\" decoding=\"async\" width=\"1024\" height=\"1024\" data-id=\"90\" src=\"https:\/\/www.ficovelez.com\/wp-content\/uploads\/2025\/10\/La-estoy-malacostumbrando.@sgrail.country-1024x1024.jpg\" alt=\"\" class=\"wp-image-90\" srcset=\"https:\/\/www.ficovelez.com\/wp-content\/uploads\/2025\/10\/La-estoy-malacostumbrando.@sgrail.country-1024x1024.jpg 1024w, https:\/\/www.ficovelez.com\/wp-content\/uploads\/2025\/10\/La-estoy-malacostumbrando.@sgrail.country-300x300.jpg 300w, https:\/\/www.ficovelez.com\/wp-content\/uploads\/2025\/10\/La-estoy-malacostumbrando.@sgrail.country-150x150.jpg 150w, https:\/\/www.ficovelez.com\/wp-content\/uploads\/2025\/10\/La-estoy-malacostumbrando.@sgrail.country-768x768.jpg 768w, https:\/\/www.ficovelez.com\/wp-content\/uploads\/2025\/10\/La-estoy-malacostumbrando.@sgrail.country-666x666.jpg 666w, https:\/\/www.ficovelez.com\/wp-content\/uploads\/2025\/10\/La-estoy-malacostumbrando.@sgrail.country-96x96.jpg 96w, https:\/\/www.ficovelez.com\/wp-content\/uploads\/2025\/10\/La-estoy-malacostumbrando.@sgrail.country.jpg 1080w\" sizes=\"auto, (max-width: 1024px) 100vw, 1024px\" \/><\/figure>\n\n\n\n<figure class=\"wp-block-image size-large\"><img loading=\"lazy\" decoding=\"async\" width=\"1024\" height=\"824\" data-id=\"86\" src=\"https:\/\/www.ficovelez.com\/wp-content\/uploads\/2025\/10\/Siete-anos-tres-ediciones-y-todavia-no-soy-rico-ni-famoso-1024x824.jpg\" alt=\"\" class=\"wp-image-86\" srcset=\"https:\/\/www.ficovelez.com\/wp-content\/uploads\/2025\/10\/Siete-anos-tres-ediciones-y-todavia-no-soy-rico-ni-famoso-1024x824.jpg 1024w, https:\/\/www.ficovelez.com\/wp-content\/uploads\/2025\/10\/Siete-anos-tres-ediciones-y-todavia-no-soy-rico-ni-famoso-300x241.jpg 300w, https:\/\/www.ficovelez.com\/wp-content\/uploads\/2025\/10\/Siete-anos-tres-ediciones-y-todavia-no-soy-rico-ni-famoso-768x618.jpg 768w, https:\/\/www.ficovelez.com\/wp-content\/uploads\/2025\/10\/Siete-anos-tres-ediciones-y-todavia-no-soy-rico-ni-famoso.jpg 1080w\" sizes=\"auto, (max-width: 1024px) 100vw, 1024px\" \/><\/figure>\n\n\n\n<figure class=\"wp-block-image size-large\"><img loading=\"lazy\" decoding=\"async\" width=\"909\" height=\"1024\" data-id=\"89\" src=\"https:\/\/www.ficovelez.com\/wp-content\/uploads\/2025\/10\/En-Amazon-todavia-no-llega-a-las-pantallas-909x1024.jpg\" alt=\"\" class=\"wp-image-89\" srcset=\"https:\/\/www.ficovelez.com\/wp-content\/uploads\/2025\/10\/En-Amazon-todavia-no-llega-a-las-pantallas-909x1024.jpg 909w, https:\/\/www.ficovelez.com\/wp-content\/uploads\/2025\/10\/En-Amazon-todavia-no-llega-a-las-pantallas-266x300.jpg 266w, https:\/\/www.ficovelez.com\/wp-content\/uploads\/2025\/10\/En-Amazon-todavia-no-llega-a-las-pantallas-768x865.jpg 768w, https:\/\/www.ficovelez.com\/wp-content\/uploads\/2025\/10\/En-Amazon-todavia-no-llega-a-las-pantallas.jpg 1080w\" sizes=\"auto, (max-width: 909px) 100vw, 909px\" \/><\/figure>\n<\/figure>\n\n\n\n<figure class=\"wp-block-embed is-type-video is-provider-youtube wp-block-embed-youtube wp-embed-aspect-16-9 wp-has-aspect-ratio\"><div class=\"wp-block-embed__wrapper\">\n<iframe loading=\"lazy\" title=\"En Consejo de Redacci\u00f3n, Federico V\u00e9lez, escritor antioque\u00f1o\" width=\"920\" height=\"518\" src=\"https:\/\/www.youtube.com\/embed\/sxeygNV6HBo?start=5&#038;feature=oembed\" frameborder=\"0\" allow=\"accelerometer; autoplay; clipboard-write; encrypted-media; gyroscope; picture-in-picture; web-share\" referrerpolicy=\"strict-origin-when-cross-origin\" allowfullscreen><\/iframe>\n<\/div><\/figure>\n\n\n\n<ul class=\"wp-block-social-links is-layout-flex wp-block-social-links-is-layout-flex\"><li class=\"wp-social-link wp-social-link-x  wp-block-social-link\"><a href=\"https:\/\/x.com\/ficovelez\" class=\"wp-block-social-link-anchor\"><svg width=\"24\" height=\"24\" viewBox=\"0 0 24 24\" version=\"1.1\" xmlns=\"http:\/\/www.w3.org\/2000\/svg\" aria-hidden=\"true\" focusable=\"false\"><path d=\"M13.982 10.622 20.54 3h-1.554l-5.693 6.618L8.745 3H3.5l6.876 10.007L3.5 21h1.554l6.012-6.989L15.868 21h5.245l-7.131-10.378Zm-2.128 2.474-.697-.997-5.543-7.93H8l4.474 6.4.697.996 5.815 8.318h-2.387l-4.745-6.787Z\" \/><\/svg><span class=\"wp-block-social-link-label screen-reader-text\">X<\/span><\/a><\/li>\n\n<li class=\"wp-social-link wp-social-link-instagram  wp-block-social-link\"><a href=\"https:\/\/www.instagram.com\/ficovelez\/\" class=\"wp-block-social-link-anchor\"><svg width=\"24\" height=\"24\" viewBox=\"0 0 24 24\" version=\"1.1\" xmlns=\"http:\/\/www.w3.org\/2000\/svg\" aria-hidden=\"true\" focusable=\"false\"><path d=\"M12,4.622c2.403,0,2.688,0.009,3.637,0.052c0.877,0.04,1.354,0.187,1.671,0.31c0.42,0.163,0.72,0.358,1.035,0.673 c0.315,0.315,0.51,0.615,0.673,1.035c0.123,0.317,0.27,0.794,0.31,1.671c0.043,0.949,0.052,1.234,0.052,3.637 s-0.009,2.688-0.052,3.637c-0.04,0.877-0.187,1.354-0.31,1.671c-0.163,0.42-0.358,0.72-0.673,1.035 c-0.315,0.315-0.615,0.51-1.035,0.673c-0.317,0.123-0.794,0.27-1.671,0.31c-0.949,0.043-1.233,0.052-3.637,0.052 s-2.688-0.009-3.637-0.052c-0.877-0.04-1.354-0.187-1.671-0.31c-0.42-0.163-0.72-0.358-1.035-0.673 c-0.315-0.315-0.51-0.615-0.673-1.035c-0.123-0.317-0.27-0.794-0.31-1.671C4.631,14.688,4.622,14.403,4.622,12 s0.009-2.688,0.052-3.637c0.04-0.877,0.187-1.354,0.31-1.671c0.163-0.42,0.358-0.72,0.673-1.035 c0.315-0.315,0.615-0.51,1.035-0.673c0.317-0.123,0.794-0.27,1.671-0.31C9.312,4.631,9.597,4.622,12,4.622 M12,3 C9.556,3,9.249,3.01,8.289,3.054C7.331,3.098,6.677,3.25,6.105,3.472C5.513,3.702,5.011,4.01,4.511,4.511 c-0.5,0.5-0.808,1.002-1.038,1.594C3.25,6.677,3.098,7.331,3.054,8.289C3.01,9.249,3,9.556,3,12c0,2.444,0.01,2.751,0.054,3.711 c0.044,0.958,0.196,1.612,0.418,2.185c0.23,0.592,0.538,1.094,1.038,1.594c0.5,0.5,1.002,0.808,1.594,1.038 c0.572,0.222,1.227,0.375,2.185,0.418C9.249,20.99,9.556,21,12,21s2.751-0.01,3.711-0.054c0.958-0.044,1.612-0.196,2.185-0.418 c0.592-0.23,1.094-0.538,1.594-1.038c0.5-0.5,0.808-1.002,1.038-1.594c0.222-0.572,0.375-1.227,0.418-2.185 C20.99,14.751,21,14.444,21,12s-0.01-2.751-0.054-3.711c-0.044-0.958-0.196-1.612-0.418-2.185c-0.23-0.592-0.538-1.094-1.038-1.594 c-0.5-0.5-1.002-0.808-1.594-1.038c-0.572-0.222-1.227-0.375-2.185-0.418C14.751,3.01,14.444,3,12,3L12,3z M12,7.378 c-2.552,0-4.622,2.069-4.622,4.622S9.448,16.622,12,16.622s4.622-2.069,4.622-4.622S14.552,7.378,12,7.378z M12,15 c-1.657,0-3-1.343-3-3s1.343-3,3-3s3,1.343,3,3S13.657,15,12,15z M16.804,6.116c-0.596,0-1.08,0.484-1.08,1.08 s0.484,1.08,1.08,1.08c0.596,0,1.08-0.484,1.08-1.08S17.401,6.116,16.804,6.116z\"><\/path><\/svg><span class=\"wp-block-social-link-label screen-reader-text\">Instagram<\/span><\/a><\/li>\n\n<li class=\"wp-social-link wp-social-link-threads  wp-block-social-link\"><a href=\"https:\/\/www.threads.com\/@ficovelez?xmt=AQF0Y1upfDai-q64lWCwet-_PO-YqKQfCb9UCGyg-g2WSyI\" class=\"wp-block-social-link-anchor\"><svg width=\"24\" height=\"24\" viewBox=\"0 0 24 24\" version=\"1.1\" xmlns=\"http:\/\/www.w3.org\/2000\/svg\" aria-hidden=\"true\" focusable=\"false\"><path d=\"M16.3 11.3c-.1 0-.2-.1-.2-.1-.1-2.6-1.5-4-3.9-4-1.4 0-2.6.6-3.3 1.7l1.3.9c.5-.8 1.4-1 2-1 .8 0 1.4.2 1.7.7.3.3.5.8.5 1.3-.7-.1-1.4-.2-2.2-.1-2.2.1-3.7 1.4-3.6 3.2 0 .9.5 1.7 1.3 2.2.7.4 1.5.6 2.4.6 1.2-.1 2.1-.5 2.7-1.3.5-.6.8-1.4.9-2.4.6.3 1 .8 1.2 1.3.4.9.4 2.4-.8 3.6-1.1 1.1-2.3 1.5-4.3 1.5-2.1 0-3.8-.7-4.8-2S5.7 14.3 5.7 12c0-2.3.5-4.1 1.5-5.4 1.1-1.3 2.7-2 4.8-2 2.2 0 3.8.7 4.9 2 .5.7.9 1.5 1.2 2.5l1.5-.4c-.3-1.2-.8-2.2-1.5-3.1-1.3-1.7-3.3-2.6-6-2.6-2.6 0-4.7.9-6 2.6C4.9 7.2 4.3 9.3 4.3 12s.6 4.8 1.9 6.4c1.4 1.7 3.4 2.6 6 2.6 2.3 0 4-.6 5.3-2 1.8-1.8 1.7-4 1.1-5.4-.4-.9-1.2-1.7-2.3-2.3zm-4 3.8c-1 .1-2-.4-2-1.3 0-.7.5-1.5 2.1-1.6h.5c.6 0 1.1.1 1.6.2-.2 2.3-1.3 2.7-2.2 2.7z\"\/><\/svg><span class=\"wp-block-social-link-label screen-reader-text\">Hilos<\/span><\/a><\/li>\n\n<li class=\"wp-social-link wp-social-link-mail  wp-block-social-link\"><a href=\"mailto:&#118;&#101;&#108;&#101;&#122;fi&#099;o1&#057;4&#053;&#064;g&#109;ail.&#099;o&#109;\" class=\"wp-block-social-link-anchor\"><svg width=\"24\" height=\"24\" viewBox=\"0 0 24 24\" version=\"1.1\" xmlns=\"http:\/\/www.w3.org\/2000\/svg\" aria-hidden=\"true\" focusable=\"false\"><path d=\"M19,5H5c-1.1,0-2,.9-2,2v10c0,1.1.9,2,2,2h14c1.1,0,2-.9,2-2V7c0-1.1-.9-2-2-2zm.5,12c0,.3-.2.5-.5.5H5c-.3,0-.5-.2-.5-.5V9.8l7.5,5.6,7.5-5.6V17zm0-9.1L12,13.6,4.5,7.9V7c0-.3.2-.5.5-.5h14c.3,0,.5.2.5.5v.9z\"><\/path><\/svg><span class=\"wp-block-social-link-label screen-reader-text\">Correo<\/span><\/a><\/li>\n\n<li class=\"wp-social-link wp-social-link-mail  wp-block-social-link\"><a href=\"mailto:f&#105;&#099;&#111;vel&#101;z&#048;0&#055;&#054;&#064;&#103;&#109;ai&#108;.&#099;om\" class=\"wp-block-social-link-anchor\"><svg width=\"24\" height=\"24\" viewBox=\"0 0 24 24\" version=\"1.1\" xmlns=\"http:\/\/www.w3.org\/2000\/svg\" aria-hidden=\"true\" focusable=\"false\"><path d=\"M19,5H5c-1.1,0-2,.9-2,2v10c0,1.1.9,2,2,2h14c1.1,0,2-.9,2-2V7c0-1.1-.9-2-2-2zm.5,12c0,.3-.2.5-.5.5H5c-.3,0-.5-.2-.5-.5V9.8l7.5,5.6,7.5-5.6V17zm0-9.1L12,13.6,4.5,7.9V7c0-.3.2-.5.5-.5h14c.3,0,.5.2.5.5v.9z\"><\/path><\/svg><span class=\"wp-block-social-link-label screen-reader-text\">Correo<\/span><\/a><\/li><\/ul>\n\n\n\n<p><\/p>\n","protected":false},"excerpt":{"rendered":"<p>Conoce m\u00e1s sobre Federico V\u00e9lez Lee los art\u00edculos de opini\u00f3n sobre los escritos de Fico V\u00e9lez Diario el Espectador: Coraz\u00f3n<\/p>\n<p><span class=\"more-link\"><a href=\"https:\/\/www.ficovelez.com\/index.php\/media\/\" class=\"readmore\">Seguir leyendo<span class=\"screen-reader-text\">MEDIA<\/span><\/a><\/span><\/p>\n","protected":false},"author":1,"featured_media":0,"parent":0,"menu_order":0,"comment_status":"closed","ping_status":"closed","template":"","meta":{"footnotes":""},"class_list":["post-113","page","type-page","status-publish","hentry"],"_links":{"self":[{"href":"https:\/\/www.ficovelez.com\/index.php\/wp-json\/wp\/v2\/pages\/113","targetHints":{"allow":["GET"]}}],"collection":[{"href":"https:\/\/www.ficovelez.com\/index.php\/wp-json\/wp\/v2\/pages"}],"about":[{"href":"https:\/\/www.ficovelez.com\/index.php\/wp-json\/wp\/v2\/types\/page"}],"author":[{"embeddable":true,"href":"https:\/\/www.ficovelez.com\/index.php\/wp-json\/wp\/v2\/users\/1"}],"replies":[{"embeddable":true,"href":"https:\/\/www.ficovelez.com\/index.php\/wp-json\/wp\/v2\/comments?post=113"}],"version-history":[{"count":10,"href":"https:\/\/www.ficovelez.com\/index.php\/wp-json\/wp\/v2\/pages\/113\/revisions"}],"predecessor-version":[{"id":149,"href":"https:\/\/www.ficovelez.com\/index.php\/wp-json\/wp\/v2\/pages\/113\/revisions\/149"}],"wp:attachment":[{"href":"https:\/\/www.ficovelez.com\/index.php\/wp-json\/wp\/v2\/media?parent=113"}],"curies":[{"name":"wp","href":"https:\/\/api.w.org\/{rel}","templated":true}]}}